{"id":822,"date":"2023-05-02T12:11:16","date_gmt":"2023-05-02T11:11:16","guid":{"rendered":"https:\/\/www.estevepintor.com\/aviso-legal\/"},"modified":"2023-08-18T15:55:03","modified_gmt":"2023-08-18T14:55:03","slug":"aviso-legal","status":"publish","type":"page","link":"https:\/\/www.estevepintor.com\/es\/aviso-legal\/","title":{"rendered":"Aviso legal"},"content":{"rendered":"\t\t<div data-elementor-type=\"wp-page\" data-elementor-id=\"822\" class=\"elementor elementor-822 elementor-224\" data-elementor-post-type=\"page\">\n\t\t\t\t<div class=\"elementor-element elementor-element-dc1ee20 e-flex e-con-boxed e-con e-parent\" data-id=\"dc1ee20\" data-element_type=\"container\" data-e-type=\"container\" data-settings=\"{&quot;background_background&quot;:&quot;gradient&quot;}\">\n\t\t\t\t\t<div class=\"e-con-inner\">\n\t\t\t\t<div class=\"elementor-element elementor-element-cdc05a8 elementor-widget elementor-widget-text-editor\" data-id=\"cdc05a8\" data-element_type=\"widget\" data-e-type=\"widget\" data-widget_type=\"text-editor.default\">\n\t\t\t\t<div class=\"elementor-widget-container\">\n\t\t\t\t\t\t\t\t\t<p>El titular de este sitio web se E<strong>STEVE CARRERAS RUIZ<\/strong>, con C.I.F. <strong>77961672K<\/strong>, con domicilio en <strong>Calle Ponent 22, Llers, 17730\u00a0Girona<\/strong>.<\/p>\n<p>El acceso al sitio web de <strong>www.estevepintor.com<\/strong> es gratuito. Todo el contenido es propiedad intelectual de <strong>ESTEVE CARRERAS RUIZ<\/strong>. Cualquier utilizaci\u00f3n de los mismos contraria a las normas en materia de propiedad intelectual ser\u00e1 perseguida conforme a la legislaci\u00f3n vigente.<\/p>\n\t\t\t\t\t\t\t\t<\/div>\n\t\t\t\t<\/div>\n\t\t\t\t\t<\/div>\n\t\t\t\t<\/div>\n\t\t\t\t<\/div>\n\t\t","protected":false},"excerpt":{"rendered":"<p>El titular de este sitio web se ESTEVE CARRERAS RUIZ, con C.I.F. 77961672K, con domicilio en Calle Ponent 22, Llers, 17730\u00a0Girona. El acceso al sitio web de www.estevepintor.com es gratuito. Todo el contenido es propiedad intelectual de ESTEVE CARRERAS RUIZ. Cualquier utilizaci\u00f3n de los mismos contraria a las normas en materia de propiedad intelectual ser\u00e1 [&hellip;]<\/p>\n","protected":false},"author":1,"featured_media":0,"parent":0,"menu_order":0,"comment_status":"closed","ping_status":"closed","template":"elementor_header_footer","meta":{"site-sidebar-layout":"no-sidebar","site-content-layout":"page-builder","ast-site-content-layout":"default","site-content-style":"default","site-sidebar-style":"default","ast-global-header-display":"","ast-banner-title-visibility":"","ast-main-header-display":"","ast-hfb-above-header-display":"","ast-hfb-below-header-display":"","ast-hfb-mobile-header-display":"","site-post-title":"disabled","ast-breadcrumbs-content":"","ast-featured-img":"disabled","footer-sml-layout":"","ast-disable-related-posts":"","theme-transparent-header-meta":"default","adv-header-id-meta":"","stick-header-meta":"","header-above-stick-meta":"","header-main-stick-meta":"","header-below-stick-meta":"","astra-migrate-meta-layouts":"default","ast-page-background-enabled":"default","ast-page-background-meta":{"desktop":{"background-color":"var(--ast-global-color-4)","background-image":"","background-repeat":"repeat","background-position":"center center","background-size":"auto","background-attachment":"scroll","background-type":"","background-media":"","overlay-type":"","overlay-color":"","overlay-opacity":"","overlay-gradient":""},"tablet":{"background-color":"","background-image":"","background-repeat":"repeat","background-position":"center center","background-size":"auto","background-attachment":"scroll","background-type":"","background-media":"","overlay-type":"","overlay-color":"","overlay-opacity":"","overlay-gradient":""},"mobile":{"background-color":"","background-image":"","background-repeat":"repeat","background-position":"center center","background-size":"auto","background-attachment":"scroll","background-type":"","background-media":"","overlay-type":"","overlay-color":"","overlay-opacity":"","overlay-gradient":""}},"ast-content-background-meta":{"desktop":{"background-color":"var(--ast-global-color-5)","background-image":"","background-repeat":"repeat","background-position":"center center","background-size":"auto","background-attachment":"scroll","background-type":"","background-media":"","overlay-type":"","overlay-color":"","overlay-opacity":"","overlay-gradient":""},"tablet":{"background-color":"var(--ast-global-color-5)","background-image":"","background-repeat":"repeat","background-position":"center center","background-size":"auto","background-attachment":"scroll","background-type":"","background-media":"","overlay-type":"","overlay-color":"","overlay-opacity":"","overlay-gradient":""},"mobile":{"background-color":"var(--ast-global-color-5)","background-image":"","background-repeat":"repeat","background-position":"center center","background-size":"auto","background-attachment":"scroll","background-type":"","background-media":"","overlay-type":"","overlay-color":"","overlay-opacity":"","overlay-gradient":""}},"footnotes":""},"class_list":["post-822","page","type-page","status-publish","hentry"],"yoast_head":"<!-- This site is optimized with the Yoast SEO plugin v27.2 - https:\/\/yoast.com\/product\/yoast-seo-wordpress\/ -->\n<title>Aviso legal &#8226; Esteve Carreras<\/title>\n<meta name=\"robots\" content=\"noindex, nofollow\" \/>\n<meta property=\"og:locale\" content=\"es_ES\" \/>\n<meta property=\"og:type\" content=\"article\" \/>\n<meta property=\"og:title\" content=\"Aviso legal &#8226; Esteve Carreras\" \/>\n<meta property=\"og:description\" content=\"El titular de este sitio web se ESTEVE CARRERAS RUIZ, con C.I.F. 77961672K, con domicilio en Calle Ponent 22, Llers, 17730\u00a0Girona. El acceso al sitio web de www.estevepintor.com es gratuito. Todo el contenido es propiedad intelectual de ESTEVE CARRERAS RUIZ. Cualquier utilizaci\u00f3n de los mismos contraria a las normas en materia de propiedad intelectual ser\u00e1 [&hellip;]\" \/>\n<meta property=\"og:url\" content=\"https:\/\/www.estevepintor.com\/es\/aviso-legal\/\" \/>\n<meta property=\"og:site_name\" content=\"Esteve Carreras\" \/>\n<meta property=\"article:publisher\" content=\"https:\/\/www.facebook.com\/autoradiotecnoso\" \/>\n<meta property=\"article:modified_time\" content=\"2023-08-18T14:55:03+00:00\" \/>\n<meta name=\"twitter:card\" content=\"summary_large_image\" \/>\n<script type=\"application\/ld+json\" class=\"yoast-schema-graph\">{\"@context\":\"https:\/\/schema.org\",\"@graph\":[{\"@type\":\"WebPage\",\"@id\":\"https:\/\/www.estevepintor.com\/es\/aviso-legal\/\",\"url\":\"https:\/\/www.estevepintor.com\/es\/aviso-legal\/\",\"name\":\"Aviso legal &#8226; Esteve Carreras\",\"isPartOf\":{\"@id\":\"https:\/\/www.estevepintor.com\/es\/#website\"},\"datePublished\":\"2023-05-02T11:11:16+00:00\",\"dateModified\":\"2023-08-18T14:55:03+00:00\",\"breadcrumb\":{\"@id\":\"https:\/\/www.estevepintor.com\/es\/aviso-legal\/#breadcrumb\"},\"inLanguage\":\"es\",\"potentialAction\":[{\"@type\":\"ReadAction\",\"target\":[\"https:\/\/www.estevepintor.com\/es\/aviso-legal\/\"]}]},{\"@type\":\"BreadcrumbList\",\"@id\":\"https:\/\/www.estevepintor.com\/es\/aviso-legal\/#breadcrumb\",\"itemListElement\":[{\"@type\":\"ListItem\",\"position\":1,\"name\":\"Portada\",\"item\":\"https:\/\/www.estevepintor.com\/es\/\"},{\"@type\":\"ListItem\",\"position\":2,\"name\":\"Aviso legal\"}]},{\"@type\":\"WebSite\",\"@id\":\"https:\/\/www.estevepintor.com\/es\/#website\",\"url\":\"https:\/\/www.estevepintor.com\/es\/\",\"name\":\"Esteve Carreras\",\"description\":\"Pintura i Decoraci\u00f3\",\"publisher\":{\"@id\":\"https:\/\/www.estevepintor.com\/es\/#organization\"},\"potentialAction\":[{\"@type\":\"SearchAction\",\"target\":{\"@type\":\"EntryPoint\",\"urlTemplate\":\"https:\/\/www.estevepintor.com\/es\/?s={search_term_string}\"},\"query-input\":{\"@type\":\"PropertyValueSpecification\",\"valueRequired\":true,\"valueName\":\"search_term_string\"}}],\"inLanguage\":\"es\"},{\"@type\":\"Organization\",\"@id\":\"https:\/\/www.estevepintor.com\/es\/#organization\",\"name\":\"Esteve Carreras\",\"url\":\"https:\/\/www.estevepintor.com\/es\/\",\"logo\":{\"@type\":\"ImageObject\",\"inLanguage\":\"es\",\"@id\":\"https:\/\/www.estevepintor.com\/es\/#\/schema\/logo\/image\/\",\"url\":\"https:\/\/www.estevepintor.com\/wp-content\/uploads\/2023\/05\/estevelogo-removebg-preview.png\",\"contentUrl\":\"https:\/\/www.estevepintor.com\/wp-content\/uploads\/2023\/05\/estevelogo-removebg-preview.png\",\"width\":829,\"height\":301,\"caption\":\"Esteve Carreras\"},\"image\":{\"@id\":\"https:\/\/www.estevepintor.com\/es\/#\/schema\/logo\/image\/\"},\"sameAs\":[\"https:\/\/www.facebook.com\/autoradiotecnoso\",\"https:\/\/www.instagram.com\/autoradiotecnoso\"]}]}<\/script>\n<!-- \/ Yoast SEO plugin. -->","yoast_head_json":{"title":"Aviso legal &#8226; Esteve Carreras","robots":{"index":"noindex","follow":"nofollow"},"og_locale":"es_ES","og_type":"article","og_title":"Aviso legal &#8226; Esteve Carreras","og_description":"El titular de este sitio web se ESTEVE CARRERAS RUIZ, con C.I.F. 77961672K, con domicilio en Calle Ponent 22, Llers, 17730\u00a0Girona. El acceso al sitio web de www.estevepintor.com es gratuito. Todo el contenido es propiedad intelectual de ESTEVE CARRERAS RUIZ. Cualquier utilizaci\u00f3n de los mismos contraria a las normas en materia de propiedad intelectual ser\u00e1 [&hellip;]","og_url":"https:\/\/www.estevepintor.com\/es\/aviso-legal\/","og_site_name":"Esteve Carreras","article_publisher":"https:\/\/www.facebook.com\/autoradiotecnoso","article_modified_time":"2023-08-18T14:55:03+00:00","twitter_card":"summary_large_image","schema":{"@context":"https:\/\/schema.org","@graph":[{"@type":"WebPage","@id":"https:\/\/www.estevepintor.com\/es\/aviso-legal\/","url":"https:\/\/www.estevepintor.com\/es\/aviso-legal\/","name":"Aviso legal &#8226; Esteve Carreras","isPartOf":{"@id":"https:\/\/www.estevepintor.com\/es\/#website"},"datePublished":"2023-05-02T11:11:16+00:00","dateModified":"2023-08-18T14:55:03+00:00","breadcrumb":{"@id":"https:\/\/www.estevepintor.com\/es\/aviso-legal\/#breadcrumb"},"inLanguage":"es","potentialAction":[{"@type":"ReadAction","target":["https:\/\/www.estevepintor.com\/es\/aviso-legal\/"]}]},{"@type":"BreadcrumbList","@id":"https:\/\/www.estevepintor.com\/es\/aviso-legal\/#breadcrumb","itemListElement":[{"@type":"ListItem","position":1,"name":"Portada","item":"https:\/\/www.estevepintor.com\/es\/"},{"@type":"ListItem","position":2,"name":"Aviso legal"}]},{"@type":"WebSite","@id":"https:\/\/www.estevepintor.com\/es\/#website","url":"https:\/\/www.estevepintor.com\/es\/","name":"Esteve Carreras","description":"Pintura i Decoraci\u00f3","publisher":{"@id":"https:\/\/www.estevepintor.com\/es\/#organization"},"potentialAction":[{"@type":"SearchAction","target":{"@type":"EntryPoint","urlTemplate":"https:\/\/www.estevepintor.com\/es\/?s={search_term_string}"},"query-input":{"@type":"PropertyValueSpecification","valueRequired":true,"valueName":"search_term_string"}}],"inLanguage":"es"},{"@type":"Organization","@id":"https:\/\/www.estevepintor.com\/es\/#organization","name":"Esteve Carreras","url":"https:\/\/www.estevepintor.com\/es\/","logo":{"@type":"ImageObject","inLanguage":"es","@id":"https:\/\/www.estevepintor.com\/es\/#\/schema\/logo\/image\/","url":"https:\/\/www.estevepintor.com\/wp-content\/uploads\/2023\/05\/estevelogo-removebg-preview.png","contentUrl":"https:\/\/www.estevepintor.com\/wp-content\/uploads\/2023\/05\/estevelogo-removebg-preview.png","width":829,"height":301,"caption":"Esteve Carreras"},"image":{"@id":"https:\/\/www.estevepintor.com\/es\/#\/schema\/logo\/image\/"},"sameAs":["https:\/\/www.facebook.com\/autoradiotecnoso","https:\/\/www.instagram.com\/autoradiotecnoso"]}]}},"_links":{"self":[{"href":"https:\/\/www.estevepintor.com\/es\/wp-json\/wp\/v2\/pages\/822","targetHints":{"allow":["GET"]}}],"collection":[{"href":"https:\/\/www.estevepintor.com\/es\/wp-json\/wp\/v2\/pages"}],"about":[{"href":"https:\/\/www.estevepintor.com\/es\/wp-json\/wp\/v2\/types\/page"}],"author":[{"embeddable":true,"href":"https:\/\/www.estevepintor.com\/es\/wp-json\/wp\/v2\/users\/1"}],"replies":[{"embeddable":true,"href":"https:\/\/www.estevepintor.com\/es\/wp-json\/wp\/v2\/comments?post=822"}],"version-history":[{"count":1,"href":"https:\/\/www.estevepintor.com\/es\/wp-json\/wp\/v2\/pages\/822\/revisions"}],"predecessor-version":[{"id":823,"href":"https:\/\/www.estevepintor.com\/es\/wp-json\/wp\/v2\/pages\/822\/revisions\/823"}],"wp:attachment":[{"href":"https:\/\/www.estevepintor.com\/es\/wp-json\/wp\/v2\/media?parent=822"}],"curies":[{"name":"wp","href":"https:\/\/api.w.org\/{rel}","templated":true}]}}