{"id":824,"date":"2023-04-21T10:54:03","date_gmt":"2023-04-21T09:54:03","guid":{"rendered":"https:\/\/www.estevepintor.com\/contacto\/"},"modified":"2026-01-11T01:06:11","modified_gmt":"2026-01-11T00:06:11","slug":"contacto","status":"publish","type":"page","link":"https:\/\/www.estevepintor.com\/es\/contacto\/","title":{"rendered":"Contacto"},"content":{"rendered":"\t\t<div data-elementor-type=\"wp-page\" data-elementor-id=\"824\" class=\"elementor elementor-824 elementor-76\" data-elementor-post-type=\"page\">\n\t\t\t\t\t\t<header class=\"elementor-section elementor-top-section elementor-element elementor-element-4e36ee38 elementor-section-height-min-height elementor-section-content-middle elementor-section-boxed elementor-section-height-default elementor-section-items-middle\" data-id=\"4e36ee38\" data-element_type=\"section\" data-e-type=\"section\" data-settings=\"{&quot;background_background&quot;:&quot;classic&quot;}\">\n\t\t\t\t\t\t\t<div class=\"elementor-background-overlay\"><\/div>\n\t\t\t\t\t\t\t<div class=\"elementor-container elementor-column-gap-extended\">\n\t\t\t\t\t<div class=\"elementor-column elementor-col-100 elementor-top-column elementor-element elementor-element-e1b8983\" data-id=\"e1b8983\" data-element_type=\"column\" data-e-type=\"column\">\n\t\t\t<div class=\"elementor-widget-wrap elementor-element-populated\">\n\t\t\t\t\t\t<div class=\"elementor-element elementor-element-3d98d7a elementor-invisible elementor-widget elementor-widget-heading\" data-id=\"3d98d7a\" data-element_type=\"widget\" data-e-type=\"widget\" data-settings=\"{&quot;_animation&quot;:&quot;fadeInDown&quot;,&quot;_animation_delay&quot;:200}\" data-widget_type=\"heading.default\">\n\t\t\t\t<div class=\"elementor-widget-container\">\n\t\t\t\t\t<h1 class=\"elementor-heading-title elementor-size-default\">Contacto<\/h1>\t\t\t\t<\/div>\n\t\t\t\t<\/div>\n\t\t\t\t<div class=\"elementor-element elementor-element-fbeddc4 elementor-invisible elementor-widget elementor-widget-text-editor\" data-id=\"fbeddc4\" data-element_type=\"widget\" data-e-type=\"widget\" data-settings=\"{&quot;_animation&quot;:&quot;fadeInUp&quot;,&quot;_animation_delay&quot;:400}\" data-widget_type=\"text-editor.default\">\n\t\t\t\t<div class=\"elementor-widget-container\">\n\t\t\t\t\t\t\t\t\t<p>Cont\u00e1ctanos! Completa nuestro formulario online o env\u00edanos un correo electr\u00f3nico a <strong>info@estevepintor.com<\/strong><\/p>\n<p>\u00a1Te responderemos lo antes posible!<\/p>\n\t\t\t\t\t\t\t\t<\/div>\n\t\t\t\t<\/div>\n\t\t\t\t\t<\/div>\n\t\t<\/div>\n\t\t\t\t\t<\/div>\n\t\t<\/header>\n\t\t\t\t<section class=\"elementor-section elementor-top-section elementor-element elementor-element-1ebec682 elementor-section-content-middle elementor-section-boxed elementor-section-height-default elementor-section-height-default\" data-id=\"1ebec682\" data-element_type=\"section\" data-e-type=\"section\" data-settings=\"{&quot;background_background&quot;:&quot;classic&quot;}\">\n\t\t\t\t\t\t\t<div class=\"elementor-background-overlay\"><\/div>\n\t\t\t\t\t\t\t<div class=\"elementor-container elementor-column-gap-extended\">\n\t\t\t\t\t<div class=\"elementor-column elementor-col-50 elementor-top-column elementor-element elementor-element-5af46bdc\" data-id=\"5af46bdc\" data-element_type=\"column\" data-e-type=\"column\">\n\t\t\t<div class=\"elementor-widget-wrap elementor-element-populated\">\n\t\t\t\t\t\t<div class=\"elementor-element elementor-element-11c3fa1f elementor-invisible elementor-widget elementor-widget-heading\" data-id=\"11c3fa1f\" data-element_type=\"widget\" data-e-type=\"widget\" data-settings=\"{&quot;_animation&quot;:&quot;fadeInDown&quot;}\" data-widget_type=\"heading.default\">\n\t\t\t\t<div class=\"elementor-widget-container\">\n\t\t\t\t\t<h2 class=\"elementor-heading-title elementor-size-default\">Contacta con nosotros<\/h2>\t\t\t\t<\/div>\n\t\t\t\t<\/div>\n\t\t\t\t<div class=\"elementor-element elementor-element-6eb18230 elementor-icon-list--layout-traditional elementor-list-item-link-full_width elementor-widget elementor-widget-icon-list\" data-id=\"6eb18230\" data-element_type=\"widget\" data-e-type=\"widget\" data-widget_type=\"icon-list.default\">\n\t\t\t\t<div class=\"elementor-widget-container\">\n\t\t\t\t\t\t\t<ul class=\"elementor-icon-list-items\">\n\t\t\t\t\t\t\t<li class=\"elementor-icon-list-item\">\n\t\t\t\t\t\t\t\t\t\t\t<a href=\"https:\/\/goo.gl\/maps\/UpQy6mEwk4L369u9A\">\n\n\t\t\t\t\t\t\t\t\t\t\t\t<span class=\"elementor-icon-list-icon\">\n\t\t\t\t\t\t\t<i aria-hidden=\"true\" class=\"far fa-building\"><\/i>\t\t\t\t\t\t<\/span>\n\t\t\t\t\t\t\t\t\t\t<span class=\"elementor-icon-list-text\">Calle Ponent 22, Llers, 17730 Girona<\/span>\n\t\t\t\t\t\t\t\t\t\t\t<\/a>\n\t\t\t\t\t\t\t\t\t<\/li>\n\t\t\t\t\t\t\t\t<li class=\"elementor-icon-list-item\">\n\t\t\t\t\t\t\t\t\t\t\t<a href=\"tel:+34661821937\">\n\n\t\t\t\t\t\t\t\t\t\t\t\t<span class=\"elementor-icon-list-icon\">\n\t\t\t\t\t\t\t<i aria-hidden=\"true\" class=\"fas fa-phone-square\"><\/i>\t\t\t\t\t\t<\/span>\n\t\t\t\t\t\t\t\t\t\t<span class=\"elementor-icon-list-text\">661 821 937<\/span>\n\t\t\t\t\t\t\t\t\t\t\t<\/a>\n\t\t\t\t\t\t\t\t\t<\/li>\n\t\t\t\t\t\t<\/ul>\n\t\t\t\t\t\t<\/div>\n\t\t\t\t<\/div>\n\t\t\t\t<div class=\"elementor-element elementor-element-f106575 elementor-widget-divider--view-line elementor-widget elementor-widget-divider\" data-id=\"f106575\" data-element_type=\"widget\" data-e-type=\"widget\" data-widget_type=\"divider.default\">\n\t\t\t\t<div class=\"elementor-widget-container\">\n\t\t\t\t\t\t\t<div class=\"elementor-divider\">\n\t\t\t<span class=\"elementor-divider-separator\">\n\t\t\t\t\t\t<\/span>\n\t\t<\/div>\n\t\t\t\t\t\t<\/div>\n\t\t\t\t<\/div>\n\t\t\t\t<div class=\"elementor-element elementor-element-7526acf elementor-button-align-start elementor-widget elementor-widget-form\" data-id=\"7526acf\" data-element_type=\"widget\" data-e-type=\"widget\" data-settings=\"{&quot;step_next_label&quot;:&quot;Next&quot;,&quot;step_previous_label&quot;:&quot;Previous&quot;,&quot;button_width&quot;:&quot;100&quot;,&quot;step_type&quot;:&quot;number_text&quot;,&quot;step_icon_shape&quot;:&quot;circle&quot;}\" data-widget_type=\"form.default\">\n\t\t\t\t<div class=\"elementor-widget-container\">\n\t\t\t\t\t\t\t<form class=\"elementor-form\" method=\"post\" name=\"New Form\" aria-label=\"New Form\">\n\t\t\t<input type=\"hidden\" name=\"post_id\" value=\"824\"\/>\n\t\t\t<input type=\"hidden\" name=\"form_id\" value=\"7526acf\"\/>\n\t\t\t<input type=\"hidden\" name=\"referer_title\" value=\"Contacto &#8226; Esteve Carreras &#8226; Pintura y Decoraci\u00f3n en Girona\" \/>\n\n\t\t\t\t\t\t\t<input type=\"hidden\" name=\"queried_id\" value=\"824\"\/>\n\t\t\t\n\t\t\t<div class=\"elementor-form-fields-wrapper elementor-labels-\">\n\t\t\t\t\t\t\t\t<div class=\"elementor-field-type-text elementor-field-group elementor-column elementor-field-group-name elementor-col-100\">\n\t\t\t\t\t\t\t\t\t\t\t\t<label for=\"form-field-name\" class=\"elementor-field-label elementor-screen-only\">\n\t\t\t\t\t\t\t\tNombre\t\t\t\t\t\t\t<\/label>\n\t\t\t\t\t\t\t\t\t\t\t\t\t\t<input size=\"1\" type=\"text\" name=\"form_fields[name]\" id=\"form-field-name\" class=\"elementor-field elementor-size-sm  elementor-field-textual\" placeholder=\"Nombre\">\n\t\t\t\t\t\t\t\t\t\t\t<\/div>\n\t\t\t\t\t\t\t\t<div class=\"elementor-field-type-email elementor-field-group elementor-column elementor-field-group-email elementor-col-100 elementor-field-required\">\n\t\t\t\t\t\t\t\t\t\t\t\t<label for=\"form-field-email\" class=\"elementor-field-label elementor-screen-only\">\n\t\t\t\t\t\t\t\tEmail\t\t\t\t\t\t\t<\/label>\n\t\t\t\t\t\t\t\t\t\t\t\t\t\t<input size=\"1\" type=\"email\" name=\"form_fields[email]\" id=\"form-field-email\" class=\"elementor-field elementor-size-sm  elementor-field-textual\" placeholder=\"Email\" required=\"required\">\n\t\t\t\t\t\t\t\t\t\t\t<\/div>\n\t\t\t\t\t\t\t\t<div class=\"elementor-field-type-tel elementor-field-group elementor-column elementor-field-group-field_c6f0f5b elementor-col-100 elementor-field-required\">\n\t\t\t\t\t\t\t\t\t\t\t\t<label for=\"form-field-field_c6f0f5b\" class=\"elementor-field-label elementor-screen-only\">\n\t\t\t\t\t\t\t\tTel\u00e9fono\t\t\t\t\t\t\t<\/label>\n\t\t\t\t\t\t\t\t<input size=\"1\" type=\"tel\" name=\"form_fields[field_c6f0f5b]\" id=\"form-field-field_c6f0f5b\" class=\"elementor-field elementor-size-sm  elementor-field-textual\" placeholder=\"Tel\u00e9fono\" required=\"required\" pattern=\"[0-9()#&amp;+*-=.]+\" title=\"Only numbers and phone characters (#, -, *, etc) are accepted.\">\n\n\t\t\t\t\t\t<\/div>\n\t\t\t\t\t\t\t\t<div class=\"elementor-field-type-textarea elementor-field-group elementor-column elementor-field-group-message elementor-col-100\">\n\t\t\t\t\t\t\t\t\t\t\t\t<label for=\"form-field-message\" class=\"elementor-field-label elementor-screen-only\">\n\t\t\t\t\t\t\t\tMensaje\t\t\t\t\t\t\t<\/label>\n\t\t\t\t\t\t<textarea class=\"elementor-field-textual elementor-field  elementor-size-sm\" name=\"form_fields[message]\" id=\"form-field-message\" rows=\"4\" placeholder=\"Mensaje\"><\/textarea>\t\t\t\t<\/div>\n\t\t\t\t\t\t\t\t<div class=\"elementor-field-type-recaptcha_v3 elementor-field-group elementor-column elementor-field-group-field_1b345ce elementor-col-100 recaptcha_v3-bottomright\">\n\t\t\t\t\t<div class=\"elementor-field\" id=\"form-field-field_1b345ce\"><\/div>\t\t\t\t<\/div>\n\t\t\t\t\t\t\t\t<div class=\"elementor-field-group elementor-column elementor-field-type-submit elementor-col-100 e-form__buttons\">\n\t\t\t\t\t<button class=\"elementor-button elementor-size-sm\" type=\"submit\">\n\t\t\t\t\t\t<span class=\"elementor-button-content-wrapper\">\n\t\t\t\t\t\t\t\t\t\t\t\t\t\t\t\t\t\t\t\t\t\t<span class=\"elementor-button-text\">Enviar<\/span>\n\t\t\t\t\t\t\t\t\t\t\t\t\t<\/span>\n\t\t\t\t\t<\/button>\n\t\t\t\t<\/div>\n\t\t\t<\/div>\n\t\t<\/form>\n\t\t\t\t\t\t<\/div>\n\t\t\t\t<\/div>\n\t\t\t\t\t<\/div>\n\t\t<\/div>\n\t\t\t\t<div class=\"elementor-column elementor-col-50 elementor-top-column elementor-element elementor-element-18b1be30\" data-id=\"18b1be30\" data-element_type=\"column\" data-e-type=\"column\">\n\t\t\t<div class=\"elementor-widget-wrap elementor-element-populated\">\n\t\t\t\t\t\t<div class=\"elementor-element elementor-element-43c30243 elementor-widget elementor-widget-google_maps\" data-id=\"43c30243\" data-element_type=\"widget\" data-e-type=\"widget\" data-widget_type=\"google_maps.default\">\n\t\t\t\t<div class=\"elementor-widget-container\">\n\t\t\t\t\t\t\t<div class=\"elementor-custom-embed\">\n\t\t\t<iframe loading=\"lazy\"\n\t\t\t\t\tsrc=\"https:\/\/maps.google.com\/maps?q=Carrer%20Ponent%2022%2C%20Llers%2C%2017730%20Girona&#038;t=m&#038;z=16&#038;output=embed&#038;iwloc=near\"\n\t\t\t\t\ttitle=\"Carrer Ponent 22, Llers, 17730 Girona\"\n\t\t\t\t\taria-label=\"Carrer Ponent 22, Llers, 17730 Girona\"\n\t\t\t><\/iframe>\n\t\t<\/div>\n\t\t\t\t\t\t<\/div>\n\t\t\t\t<\/div>\n\t\t\t\t\t<\/div>\n\t\t<\/div>\n\t\t\t\t\t<\/div>\n\t\t<\/section>\n\t\t\t\t<\/div>\n\t\t","protected":false},"excerpt":{"rendered":"<p>Contacto Cont\u00e1ctanos! Completa nuestro formulario online o env\u00edanos un correo electr\u00f3nico a info@estevepintor.com \u00a1Te responderemos lo antes posible! Contacta con nosotros Calle Ponent 22, Llers, 17730 Girona 661 821 937<\/p>\n","protected":false},"author":1,"featured_media":716,"parent":0,"menu_order":0,"comment_status":"closed","ping_status":"closed","template":"elementor_header_footer","meta":{"site-sidebar-layout":"no-sidebar","site-content-layout":"page-builder","ast-site-content-layout":"default","site-content-style":"default","site-sidebar-style":"default","ast-global-header-display":"","ast-banner-title-visibility":"","ast-main-header-display":"","ast-hfb-above-header-display":"","ast-hfb-below-header-display":"","ast-hfb-mobile-header-display":"","site-post-title":"disabled","ast-breadcrumbs-content":"","ast-featured-img":"disabled","footer-sml-layout":"","ast-disable-related-posts":"","theme-transparent-header-meta":"default","adv-header-id-meta":"","stick-header-meta":"","header-above-stick-meta":"","header-main-stick-meta":"","header-below-stick-meta":"","astra-migrate-meta-layouts":"default","ast-page-background-enabled":"default","ast-page-background-meta":{"desktop":{"background-color":"var(--ast-global-color-4)","background-image":"","background-repeat":"repeat","background-position":"center center","background-size":"auto","background-attachment":"scroll","background-type":"","background-media":"","overlay-type":"","overlay-color":"","overlay-opacity":"","overlay-gradient":""},"tablet":{"background-color":"","background-image":"","background-repeat":"repeat","background-position":"center center","background-size":"auto","background-attachment":"scroll","background-type":"","background-media":"","overlay-type":"","overlay-color":"","overlay-opacity":"","overlay-gradient":""},"mobile":{"background-color":"","background-image":"","background-repeat":"repeat","background-position":"center center","background-size":"auto","background-attachment":"scroll","background-type":"","background-media":"","overlay-type":"","overlay-color":"","overlay-opacity":"","overlay-gradient":""}},"ast-content-background-meta":{"desktop":{"background-color":"var(--ast-global-color-5)","background-image":"","background-repeat":"repeat","background-position":"center center","background-size":"auto","background-attachment":"scroll","background-type":"","background-media":"","overlay-type":"","overlay-color":"","overlay-opacity":"","overlay-gradient":""},"tablet":{"background-color":"var(--ast-global-color-5)","background-image":"","background-repeat":"repeat","background-position":"center center","background-size":"auto","background-attachment":"scroll","background-type":"","background-media":"","overlay-type":"","overlay-color":"","overlay-opacity":"","overlay-gradient":""},"mobile":{"background-color":"var(--ast-global-color-5)","background-image":"","background-repeat":"repeat","background-position":"center center","background-size":"auto","background-attachment":"scroll","background-type":"","background-media":"","overlay-type":"","overlay-color":"","overlay-opacity":"","overlay-gradient":""}},"footnotes":""},"class_list":["post-824","page","type-page","status-publish","has-post-thumbnail","hentry"],"yoast_head":"<!-- This site is optimized with the Yoast SEO plugin v27.2 - https:\/\/yoast.com\/product\/yoast-seo-wordpress\/ -->\n<title>Contacto &#8226; Esteve Carreras &#8226; Pintura y Decoraci\u00f3n en Girona<\/title>\n<meta name=\"description\" content=\"\u00a1Cont\u00e1ctanos! Completa nuestro formulario online o env\u00edanos un correo electr\u00f3nico a info@estevepintor.com \u00a1Te responderemos lo antes posible!\" \/>\n<meta name=\"robots\" content=\"index, follow, max-snippet:-1, max-image-preview:large, max-video-preview:-1\" \/>\n<link rel=\"canonical\" href=\"https:\/\/www.estevepintor.com\/es\/contacto\/\" \/>\n<meta property=\"og:locale\" content=\"es_ES\" \/>\n<meta property=\"og:type\" content=\"article\" \/>\n<meta property=\"og:title\" content=\"Contacto &#8226; Esteve Carreras &#8226; Pintura y Decoraci\u00f3n en Girona\" \/>\n<meta property=\"og:description\" content=\"\u00a1Cont\u00e1ctanos! Completa nuestro formulario online o env\u00edanos un correo electr\u00f3nico a info@estevepintor.com \u00a1Te responderemos lo antes posible!\" \/>\n<meta property=\"og:url\" content=\"https:\/\/www.estevepintor.com\/es\/contacto\/\" \/>\n<meta property=\"og:site_name\" content=\"Esteve Carreras\" \/>\n<meta property=\"article:publisher\" content=\"https:\/\/www.facebook.com\/autoradiotecnoso\" \/>\n<meta property=\"article:modified_time\" content=\"2026-01-11T00:06:11+00:00\" \/>\n<meta property=\"og:image\" content=\"https:\/\/www.estevepintor.com\/wp-content\/uploads\/2023\/05\/aa-scaled-e1685036536421.jpg\" \/>\n\t<meta property=\"og:image:width\" content=\"1894\" \/>\n\t<meta property=\"og:image:height\" content=\"1440\" \/>\n\t<meta property=\"og:image:type\" content=\"image\/jpeg\" \/>\n<meta name=\"twitter:card\" content=\"summary_large_image\" \/>\n<meta name=\"twitter:label1\" content=\"Tiempo de lectura\" \/>\n\t<meta name=\"twitter:data1\" content=\"1 minuto\" \/>\n<script type=\"application\/ld+json\" class=\"yoast-schema-graph\">{\"@context\":\"https:\/\/schema.org\",\"@graph\":[{\"@type\":\"WebPage\",\"@id\":\"https:\/\/www.estevepintor.com\/es\/contacto\/\",\"url\":\"https:\/\/www.estevepintor.com\/es\/contacto\/\",\"name\":\"Contacto &#8226; Esteve Carreras &#8226; Pintura y Decoraci\u00f3n en Girona\",\"isPartOf\":{\"@id\":\"https:\/\/www.estevepintor.com\/es\/#website\"},\"primaryImageOfPage\":{\"@id\":\"https:\/\/www.estevepintor.com\/es\/contacto\/#primaryimage\"},\"image\":{\"@id\":\"https:\/\/www.estevepintor.com\/es\/contacto\/#primaryimage\"},\"thumbnailUrl\":\"https:\/\/www.estevepintor.com\/wp-content\/uploads\/2023\/05\/aa-scaled-e1685036536421.jpg\",\"datePublished\":\"2023-04-21T09:54:03+00:00\",\"dateModified\":\"2026-01-11T00:06:11+00:00\",\"description\":\"\u00a1Cont\u00e1ctanos! Completa nuestro formulario online o env\u00edanos un correo electr\u00f3nico a info@estevepintor.com \u00a1Te responderemos lo antes posible!\",\"breadcrumb\":{\"@id\":\"https:\/\/www.estevepintor.com\/es\/contacto\/#breadcrumb\"},\"inLanguage\":\"es\",\"potentialAction\":[{\"@type\":\"ReadAction\",\"target\":[\"https:\/\/www.estevepintor.com\/es\/contacto\/\"]}]},{\"@type\":\"ImageObject\",\"inLanguage\":\"es\",\"@id\":\"https:\/\/www.estevepintor.com\/es\/contacto\/#primaryimage\",\"url\":\"https:\/\/www.estevepintor.com\/wp-content\/uploads\/2023\/05\/aa-scaled-e1685036536421.jpg\",\"contentUrl\":\"https:\/\/www.estevepintor.com\/wp-content\/uploads\/2023\/05\/aa-scaled-e1685036536421.jpg\",\"width\":1894,\"height\":1440},{\"@type\":\"BreadcrumbList\",\"@id\":\"https:\/\/www.estevepintor.com\/es\/contacto\/#breadcrumb\",\"itemListElement\":[{\"@type\":\"ListItem\",\"position\":1,\"name\":\"Portada\",\"item\":\"https:\/\/www.estevepintor.com\/es\/\"},{\"@type\":\"ListItem\",\"position\":2,\"name\":\"Contacto\"}]},{\"@type\":\"WebSite\",\"@id\":\"https:\/\/www.estevepintor.com\/es\/#website\",\"url\":\"https:\/\/www.estevepintor.com\/es\/\",\"name\":\"Esteve Carreras\",\"description\":\"Pintura i Decoraci\u00f3\",\"publisher\":{\"@id\":\"https:\/\/www.estevepintor.com\/es\/#organization\"},\"potentialAction\":[{\"@type\":\"SearchAction\",\"target\":{\"@type\":\"EntryPoint\",\"urlTemplate\":\"https:\/\/www.estevepintor.com\/es\/?s={search_term_string}\"},\"query-input\":{\"@type\":\"PropertyValueSpecification\",\"valueRequired\":true,\"valueName\":\"search_term_string\"}}],\"inLanguage\":\"es\"},{\"@type\":\"Organization\",\"@id\":\"https:\/\/www.estevepintor.com\/es\/#organization\",\"name\":\"Esteve Carreras\",\"url\":\"https:\/\/www.estevepintor.com\/es\/\",\"logo\":{\"@type\":\"ImageObject\",\"inLanguage\":\"es\",\"@id\":\"https:\/\/www.estevepintor.com\/es\/#\/schema\/logo\/image\/\",\"url\":\"https:\/\/www.estevepintor.com\/wp-content\/uploads\/2023\/05\/estevelogo-removebg-preview.png\",\"contentUrl\":\"https:\/\/www.estevepintor.com\/wp-content\/uploads\/2023\/05\/estevelogo-removebg-preview.png\",\"width\":829,\"height\":301,\"caption\":\"Esteve Carreras\"},\"image\":{\"@id\":\"https:\/\/www.estevepintor.com\/es\/#\/schema\/logo\/image\/\"},\"sameAs\":[\"https:\/\/www.facebook.com\/autoradiotecnoso\",\"https:\/\/www.instagram.com\/autoradiotecnoso\"]}]}<\/script>\n<!-- \/ Yoast SEO plugin. -->","yoast_head_json":{"title":"Contacto &#8226; Esteve Carreras &#8226; Pintura y Decoraci\u00f3n en Girona","description":"\u00a1Cont\u00e1ctanos! Completa nuestro formulario online o env\u00edanos un correo electr\u00f3nico a info@estevepintor.com \u00a1Te responderemos lo antes posible!","robots":{"index":"index","follow":"follow","max-snippet":"max-snippet:-1","max-image-preview":"max-image-preview:large","max-video-preview":"max-video-preview:-1"},"canonical":"https:\/\/www.estevepintor.com\/es\/contacto\/","og_locale":"es_ES","og_type":"article","og_title":"Contacto &#8226; Esteve Carreras &#8226; Pintura y Decoraci\u00f3n en Girona","og_description":"\u00a1Cont\u00e1ctanos! Completa nuestro formulario online o env\u00edanos un correo electr\u00f3nico a info@estevepintor.com \u00a1Te responderemos lo antes posible!","og_url":"https:\/\/www.estevepintor.com\/es\/contacto\/","og_site_name":"Esteve Carreras","article_publisher":"https:\/\/www.facebook.com\/autoradiotecnoso","article_modified_time":"2026-01-11T00:06:11+00:00","og_image":[{"width":1894,"height":1440,"url":"https:\/\/www.estevepintor.com\/wp-content\/uploads\/2023\/05\/aa-scaled-e1685036536421.jpg","type":"image\/jpeg"}],"twitter_card":"summary_large_image","twitter_misc":{"Tiempo de lectura":"1 minuto"},"schema":{"@context":"https:\/\/schema.org","@graph":[{"@type":"WebPage","@id":"https:\/\/www.estevepintor.com\/es\/contacto\/","url":"https:\/\/www.estevepintor.com\/es\/contacto\/","name":"Contacto &#8226; Esteve Carreras &#8226; Pintura y Decoraci\u00f3n en Girona","isPartOf":{"@id":"https:\/\/www.estevepintor.com\/es\/#website"},"primaryImageOfPage":{"@id":"https:\/\/www.estevepintor.com\/es\/contacto\/#primaryimage"},"image":{"@id":"https:\/\/www.estevepintor.com\/es\/contacto\/#primaryimage"},"thumbnailUrl":"https:\/\/www.estevepintor.com\/wp-content\/uploads\/2023\/05\/aa-scaled-e1685036536421.jpg","datePublished":"2023-04-21T09:54:03+00:00","dateModified":"2026-01-11T00:06:11+00:00","description":"\u00a1Cont\u00e1ctanos! Completa nuestro formulario online o env\u00edanos un correo electr\u00f3nico a info@estevepintor.com \u00a1Te responderemos lo antes posible!","breadcrumb":{"@id":"https:\/\/www.estevepintor.com\/es\/contacto\/#breadcrumb"},"inLanguage":"es","potentialAction":[{"@type":"ReadAction","target":["https:\/\/www.estevepintor.com\/es\/contacto\/"]}]},{"@type":"ImageObject","inLanguage":"es","@id":"https:\/\/www.estevepintor.com\/es\/contacto\/#primaryimage","url":"https:\/\/www.estevepintor.com\/wp-content\/uploads\/2023\/05\/aa-scaled-e1685036536421.jpg","contentUrl":"https:\/\/www.estevepintor.com\/wp-content\/uploads\/2023\/05\/aa-scaled-e1685036536421.jpg","width":1894,"height":1440},{"@type":"BreadcrumbList","@id":"https:\/\/www.estevepintor.com\/es\/contacto\/#breadcrumb","itemListElement":[{"@type":"ListItem","position":1,"name":"Portada","item":"https:\/\/www.estevepintor.com\/es\/"},{"@type":"ListItem","position":2,"name":"Contacto"}]},{"@type":"WebSite","@id":"https:\/\/www.estevepintor.com\/es\/#website","url":"https:\/\/www.estevepintor.com\/es\/","name":"Esteve Carreras","description":"Pintura i Decoraci\u00f3","publisher":{"@id":"https:\/\/www.estevepintor.com\/es\/#organization"},"potentialAction":[{"@type":"SearchAction","target":{"@type":"EntryPoint","urlTemplate":"https:\/\/www.estevepintor.com\/es\/?s={search_term_string}"},"query-input":{"@type":"PropertyValueSpecification","valueRequired":true,"valueName":"search_term_string"}}],"inLanguage":"es"},{"@type":"Organization","@id":"https:\/\/www.estevepintor.com\/es\/#organization","name":"Esteve Carreras","url":"https:\/\/www.estevepintor.com\/es\/","logo":{"@type":"ImageObject","inLanguage":"es","@id":"https:\/\/www.estevepintor.com\/es\/#\/schema\/logo\/image\/","url":"https:\/\/www.estevepintor.com\/wp-content\/uploads\/2023\/05\/estevelogo-removebg-preview.png","contentUrl":"https:\/\/www.estevepintor.com\/wp-content\/uploads\/2023\/05\/estevelogo-removebg-preview.png","width":829,"height":301,"caption":"Esteve Carreras"},"image":{"@id":"https:\/\/www.estevepintor.com\/es\/#\/schema\/logo\/image\/"},"sameAs":["https:\/\/www.facebook.com\/autoradiotecnoso","https:\/\/www.instagram.com\/autoradiotecnoso"]}]}},"_links":{"self":[{"href":"https:\/\/www.estevepintor.com\/es\/wp-json\/wp\/v2\/pages\/824","targetHints":{"allow":["GET"]}}],"collection":[{"href":"https:\/\/www.estevepintor.com\/es\/wp-json\/wp\/v2\/pages"}],"about":[{"href":"https:\/\/www.estevepintor.com\/es\/wp-json\/wp\/v2\/types\/page"}],"author":[{"embeddable":true,"href":"https:\/\/www.estevepintor.com\/es\/wp-json\/wp\/v2\/users\/1"}],"replies":[{"embeddable":true,"href":"https:\/\/www.estevepintor.com\/es\/wp-json\/wp\/v2\/comments?post=824"}],"version-history":[{"count":7,"href":"https:\/\/www.estevepintor.com\/es\/wp-json\/wp\/v2\/pages\/824\/revisions"}],"predecessor-version":[{"id":928,"href":"https:\/\/www.estevepintor.com\/es\/wp-json\/wp\/v2\/pages\/824\/revisions\/928"}],"wp:featuredmedia":[{"embeddable":true,"href":"https:\/\/www.estevepintor.com\/es\/wp-json\/wp\/v2\/media\/716"}],"wp:attachment":[{"href":"https:\/\/www.estevepintor.com\/es\/wp-json\/wp\/v2\/media?parent=824"}],"curies":[{"name":"wp","href":"https:\/\/api.w.org\/{rel}","templated":true}]}}