{"id":834,"date":"2023-04-21T10:52:49","date_gmt":"2023-04-21T09:52:49","guid":{"rendered":"https:\/\/www.estevepintor.com\/sobre-nosotros\/"},"modified":"2023-08-18T16:18:43","modified_gmt":"2023-08-18T15:18:43","slug":"sobre-nosotros","status":"publish","type":"page","link":"https:\/\/www.estevepintor.com\/es\/sobre-nosotros\/","title":{"rendered":"Sobre nosotros"},"content":{"rendered":"\t\t<div data-elementor-type=\"wp-page\" data-elementor-id=\"834\" class=\"elementor elementor-834 elementor-71\" data-elementor-post-type=\"page\">\n\t\t\t\t\t\t<header class=\"elementor-section elementor-top-section elementor-element elementor-element-4f3b91c elementor-section-height-min-height elementor-section-content-middle elementor-section-boxed elementor-section-height-default elementor-section-items-middle\" data-id=\"4f3b91c\" data-element_type=\"section\" data-e-type=\"section\" data-settings=\"{&quot;background_background&quot;:&quot;classic&quot;}\">\n\t\t\t\t\t\t\t<div class=\"elementor-background-overlay\"><\/div>\n\t\t\t\t\t\t\t<div class=\"elementor-container elementor-column-gap-extended\">\n\t\t\t\t\t<div class=\"elementor-column elementor-col-100 elementor-top-column elementor-element elementor-element-f38232b\" data-id=\"f38232b\" data-element_type=\"column\" data-e-type=\"column\">\n\t\t\t<div class=\"elementor-widget-wrap elementor-element-populated\">\n\t\t\t\t\t\t<div class=\"elementor-element elementor-element-7d82ecd elementor-invisible elementor-widget elementor-widget-heading\" data-id=\"7d82ecd\" data-element_type=\"widget\" data-e-type=\"widget\" data-settings=\"{&quot;_animation&quot;:&quot;fadeInDown&quot;,&quot;_animation_delay&quot;:200}\" data-widget_type=\"heading.default\">\n\t\t\t\t<div class=\"elementor-widget-container\">\n\t\t\t\t\t<h1 class=\"elementor-heading-title elementor-size-default\">Sobre nosotros<\/h1>\t\t\t\t<\/div>\n\t\t\t\t<\/div>\n\t\t\t\t<div class=\"elementor-element elementor-element-2e3a0f4 elementor-invisible elementor-widget elementor-widget-text-editor\" data-id=\"2e3a0f4\" data-element_type=\"widget\" data-e-type=\"widget\" data-settings=\"{&quot;_animation&quot;:&quot;fadeInUp&quot;,&quot;_animation_delay&quot;:400}\" data-widget_type=\"text-editor.default\">\n\t\t\t\t<div class=\"elementor-widget-container\">\n\t\t\t\t\t\t\t\t\t<p>Comprometidos con el servicio al cliente, nuestro equipo de profesionales trabaja para superar las expectativas de cada uno<\/p>\n\t\t\t\t\t\t\t\t<\/div>\n\t\t\t\t<\/div>\n\t\t\t\t\t<\/div>\n\t\t<\/div>\n\t\t\t\t\t<\/div>\n\t\t<\/header>\n\t\t\t\t<section class=\"elementor-section elementor-top-section elementor-element elementor-element-2d2dc08f elementor-section-content-middle elementor-section-boxed elementor-section-height-default elementor-section-height-default\" data-id=\"2d2dc08f\" data-element_type=\"section\" data-e-type=\"section\" data-settings=\"{&quot;background_background&quot;:&quot;classic&quot;}\">\n\t\t\t\t\t\t\t<div class=\"elementor-background-overlay\"><\/div>\n\t\t\t\t\t\t\t<div class=\"elementor-container elementor-column-gap-extended\">\n\t\t\t\t\t<div class=\"elementor-column elementor-col-100 elementor-top-column elementor-element elementor-element-63bc8683\" data-id=\"63bc8683\" data-element_type=\"column\" data-e-type=\"column\">\n\t\t\t<div class=\"elementor-widget-wrap elementor-element-populated\">\n\t\t\t\t\t\t<div class=\"elementor-element elementor-element-fb0905 elementor-invisible elementor-widget elementor-widget-heading\" data-id=\"fb0905\" data-element_type=\"widget\" data-e-type=\"widget\" data-settings=\"{&quot;_animation&quot;:&quot;fadeInDown&quot;}\" data-widget_type=\"heading.default\">\n\t\t\t\t<div class=\"elementor-widget-container\">\n\t\t\t\t\t<h2 class=\"elementor-heading-title elementor-size-default\">Qui\u00e9nes somos<\/h2>\t\t\t\t<\/div>\n\t\t\t\t<\/div>\n\t\t\t\t<div class=\"elementor-element elementor-element-ed32e71 elementor-invisible elementor-widget elementor-widget-text-editor\" data-id=\"ed32e71\" data-element_type=\"widget\" data-e-type=\"widget\" data-settings=\"{&quot;_animation&quot;:&quot;fadeInUp&quot;,&quot;_animation_delay&quot;:200}\" data-widget_type=\"text-editor.default\">\n\t\t\t\t<div class=\"elementor-widget-container\">\n\t\t\t\t\t\t\t\t\t<p>Innovaci\u00f3n, calidad y experiencia en cada pincelada<\/p>\n\t\t\t\t\t\t\t\t<\/div>\n\t\t\t\t<\/div>\n\t\t\t\t<div class=\"elementor-element elementor-element-5583996e elementor-widget elementor-widget-text-editor\" data-id=\"5583996e\" data-element_type=\"widget\" data-e-type=\"widget\" data-widget_type=\"text-editor.default\">\n\t\t\t\t<div class=\"elementor-widget-container\">\n\t\t\t\t\t\t\t\t\t<p>Despu\u00e9s de una larga trayectoria como pintor en otras empresas, Esteve Carreras decide establecerse por su cuenta en el a\u00f1o 2000. Nace <strong>Esteve Carreras Pintura y Decoraci\u00f3n<\/strong>, una peque\u00f1a empresa de pintores con sede en <strong>Llers (Girona)<\/strong>.<\/p>\n<p>Nuestro equipo tiene a\u00f1os de experiencia y ha realizado todos los cursos necesarios para estar actualizados con las \u00faltimas tendencias y actividades en el sector de la pintura, as\u00ed como en temas de riesgos laborales.<\/p>\n<p>Ofrecemos nuestros servicios tanto a <strong>particulares<\/strong>, <strong>comunidades de vecinos<\/strong> como a <strong>empresas<\/strong>.<\/p>\n<p>Por nuestra situaci\u00f3n, trabajamos principalmente en la comarca del <strong>Alt Empord\u00e0<\/strong>. A\u00fan as\u00ed podemos desplazarnos si nuestros clientes tienen negocios o segundas residencias fuera de la zona.<\/p>\n<p>En <strong>Esteve Carreras Pintura y Decoraci\u00f3n<\/strong> siempre utilizamos material de m\u00e1xima calidad para poder conseguir los mejores resultados y poder garantizar que no haya sorpresas evitando posibles problemas. Utilizamos <strong>marcas de pintura de prestigio<\/strong> como Procolor, Sikkens, M.Vich\u2026 Tambi\u00e9n ponemos en valor el uso de pinturas ecol\u00f3gicas, respetuosas con el medio ambiente y las personas.<\/p>\n<p>Somos <strong>especialistas en una gran variedad de servicios<\/strong> desde la aplicaci\u00f3n de pinturas por interiores, exteriores, tratamientos de maderas, lacados, pavimentos, impermeabilizaciones, tratamiento de fachadas y humedades hasta el mantenimiento industrial.<\/p>\n\t\t\t\t\t\t\t\t<\/div>\n\t\t\t\t<\/div>\n\t\t\t\t\t<\/div>\n\t\t<\/div>\n\t\t\t\t\t<\/div>\n\t\t<\/section>\n\t\t\t\t<section class=\"elementor-section elementor-top-section elementor-element elementor-element-b5bc5f2 elementor-section-content-middle elementor-section-boxed elementor-section-height-default elementor-section-height-default\" data-id=\"b5bc5f2\" data-element_type=\"section\" data-e-type=\"section\" data-settings=\"{&quot;background_background&quot;:&quot;classic&quot;,&quot;shape_divider_top&quot;:&quot;opacity-tilt&quot;}\">\n\t\t\t\t\t\t\t<div class=\"elementor-background-overlay\"><\/div>\n\t\t\t\t\t\t<div class=\"elementor-shape elementor-shape-top\" aria-hidden=\"true\" data-negative=\"false\">\n\t\t\t<svg xmlns=\"http:\/\/www.w3.org\/2000\/svg\" viewBox=\"0 0 2600 131.1\" preserveAspectRatio=\"none\">\n\t<path class=\"elementor-shape-fill\" d=\"M0 0L2600 0 2600 69.1 0 0z\"\/>\n\t<path class=\"elementor-shape-fill\" style=\"opacity:0.5\" d=\"M0 0L2600 0 2600 69.1 0 69.1z\"\/>\n\t<path class=\"elementor-shape-fill\" style=\"opacity:0.25\" d=\"M2600 0L0 0 0 130.1 2600 69.1z\"\/>\n<\/svg>\t\t<\/div>\n\t\t\t\t\t<div class=\"elementor-container elementor-column-gap-extended\">\n\t\t\t\t\t<div class=\"elementor-column elementor-col-100 elementor-top-column elementor-element elementor-element-e5e221b\" data-id=\"e5e221b\" data-element_type=\"column\" data-e-type=\"column\">\n\t\t\t<div class=\"elementor-widget-wrap elementor-element-populated\">\n\t\t\t\t\t\t<div class=\"elementor-element elementor-element-5c15341 elementor-align-justify elementor-tablet-align-center elementor-invisible elementor-widget elementor-widget-button\" data-id=\"5c15341\" data-element_type=\"widget\" data-e-type=\"widget\" data-settings=\"{&quot;_animation&quot;:&quot;fadeIn&quot;,&quot;_animation_delay&quot;:400}\" data-widget_type=\"button.default\">\n\t\t\t\t<div class=\"elementor-widget-container\">\n\t\t\t\t\t\t\t\t\t<div class=\"elementor-button-wrapper\">\n\t\t\t\t\t<a class=\"elementor-button elementor-button-link elementor-size-sm elementor-animation-sink\" href=\"https:\/\/www.estevepintor.com\/es\/contacto\/\">\n\t\t\t\t\t\t<span class=\"elementor-button-content-wrapper\">\n\t\t\t\t\t\t<span class=\"elementor-button-icon\">\n\t\t\t\t<i aria-hidden=\"true\" class=\"fas fa-arrow-circle-right\"><\/i>\t\t\t<\/span>\n\t\t\t\t\t\t\t\t\t<span class=\"elementor-button-text\">Pida presupuesto<\/span>\n\t\t\t\t\t<\/span>\n\t\t\t\t\t<\/a>\n\t\t\t\t<\/div>\n\t\t\t\t\t\t\t\t<\/div>\n\t\t\t\t<\/div>\n\t\t\t\t\t<\/div>\n\t\t<\/div>\n\t\t\t\t\t<\/div>\n\t\t<\/section>\n\t\t\t\t<\/div>\n\t\t","protected":false},"excerpt":{"rendered":"<p>Sobre nosotros Comprometidos con el servicio al cliente, nuestro equipo de profesionales trabaja para superar las expectativas de cada uno Qui\u00e9nes somos Innovaci\u00f3n, calidad y experiencia en cada pincelada Despu\u00e9s de una larga trayectoria como pintor en otras empresas, Esteve Carreras decide establecerse por su cuenta en el a\u00f1o 2000. Nace Esteve Carreras Pintura y [&hellip;]<\/p>\n","protected":false},"author":1,"featured_media":0,"parent":0,"menu_order":0,"comment_status":"closed","ping_status":"closed","template":"elementor_header_footer","meta":{"site-sidebar-layout":"no-sidebar","site-content-layout":"page-builder","ast-site-content-layout":"default","site-content-style":"default","site-sidebar-style":"default","ast-global-header-display":"","ast-banner-title-visibility":"","ast-main-header-display":"","ast-hfb-above-header-display":"","ast-hfb-below-header-display":"","ast-hfb-mobile-header-display":"","site-post-title":"disabled","ast-breadcrumbs-content":"","ast-featured-img":"disabled","footer-sml-layout":"","ast-disable-related-posts":"","theme-transparent-header-meta":"default","adv-header-id-meta":"","stick-header-meta":"","header-above-stick-meta":"","header-main-stick-meta":"","header-below-stick-meta":"","astra-migrate-meta-layouts":"default","ast-page-background-enabled":"default","ast-page-background-meta":{"desktop":{"background-color":"var(--ast-global-color-4)","background-image":"","background-repeat":"repeat","background-position":"center center","background-size":"auto","background-attachment":"scroll","background-type":"","background-media":"","overlay-type":"","overlay-color":"","overlay-opacity":"","overlay-gradient":""},"tablet":{"background-color":"","background-image":"","background-repeat":"repeat","background-position":"center center","background-size":"auto","background-attachment":"scroll","background-type":"","background-media":"","overlay-type":"","overlay-color":"","overlay-opacity":"","overlay-gradient":""},"mobile":{"background-color":"","background-image":"","background-repeat":"repeat","background-position":"center center","background-size":"auto","background-attachment":"scroll","background-type":"","background-media":"","overlay-type":"","overlay-color":"","overlay-opacity":"","overlay-gradient":""}},"ast-content-background-meta":{"desktop":{"background-color":"var(--ast-global-color-5)","background-image":"","background-repeat":"repeat","background-position":"center center","background-size":"auto","background-attachment":"scroll","background-type":"","background-media":"","overlay-type":"","overlay-color":"","overlay-opacity":"","overlay-gradient":""},"tablet":{"background-color":"var(--ast-global-color-5)","background-image":"","background-repeat":"repeat","background-position":"center center","background-size":"auto","background-attachment":"scroll","background-type":"","background-media":"","overlay-type":"","overlay-color":"","overlay-opacity":"","overlay-gradient":""},"mobile":{"background-color":"var(--ast-global-color-5)","background-image":"","background-repeat":"repeat","background-position":"center center","background-size":"auto","background-attachment":"scroll","background-type":"","background-media":"","overlay-type":"","overlay-color":"","overlay-opacity":"","overlay-gradient":""}},"footnotes":""},"class_list":["post-834","page","type-page","status-publish","hentry"],"yoast_head":"<!-- This site is optimized with the Yoast SEO plugin v27.2 - https:\/\/yoast.com\/product\/yoast-seo-wordpress\/ -->\n<title>Sobre nosotros &#8226; Esteve Carreras &#8226; Pintura y Decoraci\u00f3n en Girona<\/title>\n<meta name=\"description\" content=\"Somos especialistas en una gran variedad de servicios desde la aplicaci\u00f3n de pinturas por interiores, exteriores, tratamientos de maderas, pavimentos, impermeabilizaciones, tratamiento de fachadas y humedades hasta el mantenimiento industrial.\" \/>\n<meta name=\"robots\" content=\"index, follow, max-snippet:-1, max-image-preview:large, max-video-preview:-1\" \/>\n<link rel=\"canonical\" href=\"https:\/\/www.estevepintor.com\/es\/sobre-nosotros\/\" \/>\n<meta property=\"og:locale\" content=\"es_ES\" \/>\n<meta property=\"og:type\" content=\"article\" \/>\n<meta property=\"og:title\" content=\"Sobre nosotros &#8226; Esteve Carreras &#8226; Pintura y Decoraci\u00f3n en Girona\" \/>\n<meta property=\"og:description\" content=\"Somos especialistas en una gran variedad de servicios desde la aplicaci\u00f3n de pinturas por interiores, exteriores, tratamientos de maderas, pavimentos, impermeabilizaciones, tratamiento de fachadas y humedades hasta el mantenimiento industrial.\" \/>\n<meta property=\"og:url\" content=\"https:\/\/www.estevepintor.com\/es\/sobre-nosotros\/\" \/>\n<meta property=\"og:site_name\" content=\"Esteve Carreras\" \/>\n<meta property=\"article:publisher\" content=\"https:\/\/www.facebook.com\/autoradiotecnoso\" \/>\n<meta property=\"article:modified_time\" content=\"2023-08-18T15:18:43+00:00\" \/>\n<meta name=\"twitter:card\" content=\"summary_large_image\" \/>\n<meta name=\"twitter:label1\" content=\"Tiempo de lectura\" \/>\n\t<meta name=\"twitter:data1\" content=\"1 minuto\" \/>\n<script type=\"application\/ld+json\" class=\"yoast-schema-graph\">{\"@context\":\"https:\/\/schema.org\",\"@graph\":[{\"@type\":\"WebPage\",\"@id\":\"https:\/\/www.estevepintor.com\/es\/sobre-nosotros\/\",\"url\":\"https:\/\/www.estevepintor.com\/es\/sobre-nosotros\/\",\"name\":\"Sobre nosotros &#8226; Esteve Carreras &#8226; Pintura y Decoraci\u00f3n en Girona\",\"isPartOf\":{\"@id\":\"https:\/\/www.estevepintor.com\/es\/#website\"},\"datePublished\":\"2023-04-21T09:52:49+00:00\",\"dateModified\":\"2023-08-18T15:18:43+00:00\",\"description\":\"Somos especialistas en una gran variedad de servicios desde la aplicaci\u00f3n de pinturas por interiores, exteriores, tratamientos de maderas, pavimentos, impermeabilizaciones, tratamiento de fachadas y humedades hasta el mantenimiento industrial.\",\"breadcrumb\":{\"@id\":\"https:\/\/www.estevepintor.com\/es\/sobre-nosotros\/#breadcrumb\"},\"inLanguage\":\"es\",\"potentialAction\":[{\"@type\":\"ReadAction\",\"target\":[\"https:\/\/www.estevepintor.com\/es\/sobre-nosotros\/\"]}]},{\"@type\":\"BreadcrumbList\",\"@id\":\"https:\/\/www.estevepintor.com\/es\/sobre-nosotros\/#breadcrumb\",\"itemListElement\":[{\"@type\":\"ListItem\",\"position\":1,\"name\":\"Portada\",\"item\":\"https:\/\/www.estevepintor.com\/es\/\"},{\"@type\":\"ListItem\",\"position\":2,\"name\":\"Sobre nosotros\"}]},{\"@type\":\"WebSite\",\"@id\":\"https:\/\/www.estevepintor.com\/es\/#website\",\"url\":\"https:\/\/www.estevepintor.com\/es\/\",\"name\":\"Esteve Carreras\",\"description\":\"Pintura i Decoraci\u00f3\",\"publisher\":{\"@id\":\"https:\/\/www.estevepintor.com\/es\/#organization\"},\"potentialAction\":[{\"@type\":\"SearchAction\",\"target\":{\"@type\":\"EntryPoint\",\"urlTemplate\":\"https:\/\/www.estevepintor.com\/es\/?s={search_term_string}\"},\"query-input\":{\"@type\":\"PropertyValueSpecification\",\"valueRequired\":true,\"valueName\":\"search_term_string\"}}],\"inLanguage\":\"es\"},{\"@type\":\"Organization\",\"@id\":\"https:\/\/www.estevepintor.com\/es\/#organization\",\"name\":\"Esteve Carreras\",\"url\":\"https:\/\/www.estevepintor.com\/es\/\",\"logo\":{\"@type\":\"ImageObject\",\"inLanguage\":\"es\",\"@id\":\"https:\/\/www.estevepintor.com\/es\/#\/schema\/logo\/image\/\",\"url\":\"https:\/\/www.estevepintor.com\/wp-content\/uploads\/2023\/05\/estevelogo-removebg-preview.png\",\"contentUrl\":\"https:\/\/www.estevepintor.com\/wp-content\/uploads\/2023\/05\/estevelogo-removebg-preview.png\",\"width\":829,\"height\":301,\"caption\":\"Esteve Carreras\"},\"image\":{\"@id\":\"https:\/\/www.estevepintor.com\/es\/#\/schema\/logo\/image\/\"},\"sameAs\":[\"https:\/\/www.facebook.com\/autoradiotecnoso\",\"https:\/\/www.instagram.com\/autoradiotecnoso\"]}]}<\/script>\n<!-- \/ Yoast SEO plugin. -->","yoast_head_json":{"title":"Sobre nosotros &#8226; Esteve Carreras &#8226; Pintura y Decoraci\u00f3n en Girona","description":"Somos especialistas en una gran variedad de servicios desde la aplicaci\u00f3n de pinturas por interiores, exteriores, tratamientos de maderas, pavimentos, impermeabilizaciones, tratamiento de fachadas y humedades hasta el mantenimiento industrial.","robots":{"index":"index","follow":"follow","max-snippet":"max-snippet:-1","max-image-preview":"max-image-preview:large","max-video-preview":"max-video-preview:-1"},"canonical":"https:\/\/www.estevepintor.com\/es\/sobre-nosotros\/","og_locale":"es_ES","og_type":"article","og_title":"Sobre nosotros &#8226; Esteve Carreras &#8226; Pintura y Decoraci\u00f3n en Girona","og_description":"Somos especialistas en una gran variedad de servicios desde la aplicaci\u00f3n de pinturas por interiores, exteriores, tratamientos de maderas, pavimentos, impermeabilizaciones, tratamiento de fachadas y humedades hasta el mantenimiento industrial.","og_url":"https:\/\/www.estevepintor.com\/es\/sobre-nosotros\/","og_site_name":"Esteve Carreras","article_publisher":"https:\/\/www.facebook.com\/autoradiotecnoso","article_modified_time":"2023-08-18T15:18:43+00:00","twitter_card":"summary_large_image","twitter_misc":{"Tiempo de lectura":"1 minuto"},"schema":{"@context":"https:\/\/schema.org","@graph":[{"@type":"WebPage","@id":"https:\/\/www.estevepintor.com\/es\/sobre-nosotros\/","url":"https:\/\/www.estevepintor.com\/es\/sobre-nosotros\/","name":"Sobre nosotros &#8226; Esteve Carreras &#8226; Pintura y Decoraci\u00f3n en Girona","isPartOf":{"@id":"https:\/\/www.estevepintor.com\/es\/#website"},"datePublished":"2023-04-21T09:52:49+00:00","dateModified":"2023-08-18T15:18:43+00:00","description":"Somos especialistas en una gran variedad de servicios desde la aplicaci\u00f3n de pinturas por interiores, exteriores, tratamientos de maderas, pavimentos, impermeabilizaciones, tratamiento de fachadas y humedades hasta el mantenimiento industrial.","breadcrumb":{"@id":"https:\/\/www.estevepintor.com\/es\/sobre-nosotros\/#breadcrumb"},"inLanguage":"es","potentialAction":[{"@type":"ReadAction","target":["https:\/\/www.estevepintor.com\/es\/sobre-nosotros\/"]}]},{"@type":"BreadcrumbList","@id":"https:\/\/www.estevepintor.com\/es\/sobre-nosotros\/#breadcrumb","itemListElement":[{"@type":"ListItem","position":1,"name":"Portada","item":"https:\/\/www.estevepintor.com\/es\/"},{"@type":"ListItem","position":2,"name":"Sobre nosotros"}]},{"@type":"WebSite","@id":"https:\/\/www.estevepintor.com\/es\/#website","url":"https:\/\/www.estevepintor.com\/es\/","name":"Esteve Carreras","description":"Pintura i Decoraci\u00f3","publisher":{"@id":"https:\/\/www.estevepintor.com\/es\/#organization"},"potentialAction":[{"@type":"SearchAction","target":{"@type":"EntryPoint","urlTemplate":"https:\/\/www.estevepintor.com\/es\/?s={search_term_string}"},"query-input":{"@type":"PropertyValueSpecification","valueRequired":true,"valueName":"search_term_string"}}],"inLanguage":"es"},{"@type":"Organization","@id":"https:\/\/www.estevepintor.com\/es\/#organization","name":"Esteve Carreras","url":"https:\/\/www.estevepintor.com\/es\/","logo":{"@type":"ImageObject","inLanguage":"es","@id":"https:\/\/www.estevepintor.com\/es\/#\/schema\/logo\/image\/","url":"https:\/\/www.estevepintor.com\/wp-content\/uploads\/2023\/05\/estevelogo-removebg-preview.png","contentUrl":"https:\/\/www.estevepintor.com\/wp-content\/uploads\/2023\/05\/estevelogo-removebg-preview.png","width":829,"height":301,"caption":"Esteve Carreras"},"image":{"@id":"https:\/\/www.estevepintor.com\/es\/#\/schema\/logo\/image\/"},"sameAs":["https:\/\/www.facebook.com\/autoradiotecnoso","https:\/\/www.instagram.com\/autoradiotecnoso"]}]}},"_links":{"self":[{"href":"https:\/\/www.estevepintor.com\/es\/wp-json\/wp\/v2\/pages\/834","targetHints":{"allow":["GET"]}}],"collection":[{"href":"https:\/\/www.estevepintor.com\/es\/wp-json\/wp\/v2\/pages"}],"about":[{"href":"https:\/\/www.estevepintor.com\/es\/wp-json\/wp\/v2\/types\/page"}],"author":[{"embeddable":true,"href":"https:\/\/www.estevepintor.com\/es\/wp-json\/wp\/v2\/users\/1"}],"replies":[{"embeddable":true,"href":"https:\/\/www.estevepintor.com\/es\/wp-json\/wp\/v2\/comments?post=834"}],"version-history":[{"count":1,"href":"https:\/\/www.estevepintor.com\/es\/wp-json\/wp\/v2\/pages\/834\/revisions"}],"predecessor-version":[{"id":835,"href":"https:\/\/www.estevepintor.com\/es\/wp-json\/wp\/v2\/pages\/834\/revisions\/835"}],"wp:attachment":[{"href":"https:\/\/www.estevepintor.com\/es\/wp-json\/wp\/v2\/media?parent=834"}],"curies":[{"name":"wp","href":"https:\/\/api.w.org\/{rel}","templated":true}]}}